{"id":87,"date":"2021-01-17T01:13:20","date_gmt":"2021-01-17T01:13:20","guid":{"rendered":"http:\/\/localhost\/altraser2\/?page_id=87"},"modified":"2024-08-23T15:53:56","modified_gmt":"2024-08-23T15:53:56","slug":"titulos-valores","status":"publish","type":"page","link":"https:\/\/www.altraser.com.bo\/?page_id=87","title":{"rendered":"T\u00edtulos Valores"},"content":{"rendered":"\t\t<div data-elementor-type=\"wp-page\" data-elementor-id=\"87\" class=\"elementor elementor-87\">\n\t\t\t\t\t\t<section class=\"elementor-section elementor-top-section elementor-element elementor-element-282ba743 elementor-section-content-middle elementor-section-boxed elementor-section-height-default elementor-section-height-default\" data-id=\"282ba743\" data-element_type=\"section\" data-e-type=\"section\" data-settings=\"{&quot;background_background&quot;:&quot;classic&quot;}\">\n\t\t\t\t\t\t<div class=\"elementor-container elementor-column-gap-no\">\n\t\t\t\t\t<div class=\"elementor-column elementor-col-100 elementor-top-column elementor-element elementor-element-313ce45d\" data-id=\"313ce45d\" data-element_type=\"column\" data-e-type=\"column\">\n\t\t\t<div class=\"elementor-widget-wrap elementor-element-populated\">\n\t\t\t\t\t\t<div class=\"elementor-element elementor-element-4e9afc6c elementor-widget elementor-widget-spacer\" data-id=\"4e9afc6c\" data-element_type=\"widget\" data-e-type=\"widget\" data-widget_type=\"spacer.default\">\n\t\t\t\t<div class=\"elementor-widget-container\">\n\t\t\t\t\t\t\t<div class=\"elementor-spacer\">\n\t\t\t<div class=\"elementor-spacer-inner\"><\/div>\n\t\t<\/div>\n\t\t\t\t\t\t<\/div>\n\t\t\t\t<\/div>\n\t\t\t\t\t<\/div>\n\t\t<\/div>\n\t\t\t\t\t<\/div>\n\t\t<\/section>\n\t\t\t\t<section class=\"elementor-section elementor-top-section elementor-element elementor-element-9c40a1e elementor-section-boxed elementor-section-height-default elementor-section-height-default\" data-id=\"9c40a1e\" data-element_type=\"section\" data-e-type=\"section\">\n\t\t\t\t\t\t<div class=\"elementor-container elementor-column-gap-default\">\n\t\t\t\t\t<div class=\"elementor-column elementor-col-100 elementor-top-column elementor-element elementor-element-16dc541\" data-id=\"16dc541\" data-element_type=\"column\" data-e-type=\"column\">\n\t\t\t<div class=\"elementor-widget-wrap elementor-element-populated\">\n\t\t\t\t\t\t<div class=\"elementor-element elementor-element-77b8e7c elementor-widget elementor-widget-heading\" data-id=\"77b8e7c\" data-element_type=\"widget\" data-e-type=\"widget\" data-widget_type=\"heading.default\">\n\t\t\t\t<div class=\"elementor-widget-container\">\n\t\t\t\t\t<h2 class=\"elementor-heading-title elementor-size-default\">T\u00edtulos Valores<\/h2>\t\t\t\t<\/div>\n\t\t\t\t<\/div>\n\t\t\t\t<section class=\"elementor-section elementor-inner-section elementor-element elementor-element-232ea5c elementor-section-boxed elementor-section-height-default elementor-section-height-default\" data-id=\"232ea5c\" data-element_type=\"section\" data-e-type=\"section\">\n\t\t\t\t\t\t<div class=\"elementor-container elementor-column-gap-default\">\n\t\t\t\t\t<div class=\"elementor-column elementor-col-50 elementor-inner-column elementor-element elementor-element-3b1d7b9\" data-id=\"3b1d7b9\" data-element_type=\"column\" data-e-type=\"column\">\n\t\t\t<div class=\"elementor-widget-wrap elementor-element-populated\">\n\t\t\t\t\t\t<div class=\"elementor-element elementor-element-9649ec7 elementor-widget elementor-widget-text-editor\" data-id=\"9649ec7\" data-element_type=\"widget\" data-e-type=\"widget\" data-widget_type=\"text-editor.default\">\n\t\t\t\t<div class=\"elementor-widget-container\">\n\t\t\t\t\t\t\t\t\t<p><span class=\"subtitulo\">Operaciones de Dep\u00f3sito Simple<br \/>y con Garant\u00eda Warrant<\/span><span class=\"cuerpo\"><br \/>ALTRASER S.A. cuenta con recintos habilitados para recibir mercader\u00eda que se constituir\u00e1n en dep\u00f3sitos Simple o Warrant. Dichos recintos pueden ser de las almaceneras, zona franca, recintos aduaneros o del cliente.<\/span><\/p><p>Las Mercader\u00edas que pueden darse en Warrants o Deposito Simple son en general productos agr\u00edcolas, materias primas, productos en proceso y terminados, nacionales o importados, cuya conservaci\u00f3n, manutenci\u00f3n y comercializaci\u00f3n no sea excesivamente dif\u00edcil, ni tenga un alto riesgo de perecibilidad ni obsolescencia.<\/p><p>Para el Deposito Simple, el depositante solo requiere un espacio f\u00edsico y utiliza los servicios de almacenaje, pudiendo disponer de sus bienes yo mercader\u00eda seg\u00fan sus necesidades. En este caso ALTRASER S.A. otorga el CERTIFICADO DE DEPOSITO.<\/p>\t\t\t\t\t\t\t\t<\/div>\n\t\t\t\t<\/div>\n\t\t\t\t<div class=\"elementor-element elementor-element-40aec5e elementor-fixed elementor-widget elementor-widget-image\" data-id=\"40aec5e\" data-element_type=\"widget\" data-e-type=\"widget\" data-settings=\"{&quot;_position&quot;:&quot;fixed&quot;}\" data-widget_type=\"image.default\">\n\t\t\t\t<div class=\"elementor-widget-container\">\n\t\t\t\t\t\t\t\t\t\t\t\t\t\t\t\t<a href=\"\/?page_id=1560\">\n\t\t\t\t\t\t\t<img fetchpriority=\"high\" decoding=\"async\" width=\"1024\" height=\"1024\" src=\"https:\/\/www.altraser.com.bo\/wp-content\/uploads\/2022\/06\/Punto-de-reclamo_-1024x1024.png\" class=\"attachment-large size-large wp-image-1675\" alt=\"\" srcset=\"https:\/\/www.altraser.com.bo\/wp-content\/uploads\/2022\/06\/Punto-de-reclamo_-1024x1024.png 1024w, https:\/\/www.altraser.com.bo\/wp-content\/uploads\/2022\/06\/Punto-de-reclamo_-300x300.png 300w, https:\/\/www.altraser.com.bo\/wp-content\/uploads\/2022\/06\/Punto-de-reclamo_-150x150.png 150w, https:\/\/www.altraser.com.bo\/wp-content\/uploads\/2022\/06\/Punto-de-reclamo_-768x769.png 768w, https:\/\/www.altraser.com.bo\/wp-content\/uploads\/2022\/06\/Punto-de-reclamo_-1534x1536.png 1534w\" sizes=\"(max-width: 1024px) 100vw, 1024px\" \/>\t\t\t\t\t\t\t\t<\/a>\n\t\t\t\t\t\t\t\t\t\t\t\t\t\t\t<\/div>\n\t\t\t\t<\/div>\n\t\t\t\t\t<\/div>\n\t\t<\/div>\n\t\t\t\t<div class=\"elementor-column elementor-col-50 elementor-inner-column elementor-element elementor-element-b79cdb5\" data-id=\"b79cdb5\" data-element_type=\"column\" data-e-type=\"column\">\n\t\t\t<div class=\"elementor-widget-wrap elementor-element-populated\">\n\t\t\t\t\t\t<div class=\"elementor-element elementor-element-0068a71 elementor-widget elementor-widget-text-editor\" data-id=\"0068a71\" data-element_type=\"widget\" data-e-type=\"widget\" data-widget_type=\"text-editor.default\">\n\t\t\t\t<div class=\"elementor-widget-container\">\n\t\t\t\t\t\t\t\t\t<p>Para el Deposito Warrant, el propietario de la mercader\u00eda opta por gestionar un cr\u00e9dito con la garant\u00eda de los productos depositados. En este caso, ALTRASER S.A. Otorgara el CERTIFICADO DE DEPOSITO y el correspondiente BONO DE PRENDA.<\/p><p>El Certificado de Deposito, tiene la calidad de ser TITULO VALOR representativo de las mercader\u00edas, bienes y productos depositados, las que pueden ser transferidas por simple endoso. Es decir venta de mercader\u00eda sin desplazamiento.(Art.. 690 CC) Es un TITULO VALOR que evidencia la existencia de mercader\u00eda bajo la modalidad de deposito, lo que hace presumir una relaci\u00f3n previa de un contrato regular de deposito entre un Almacen General de Deposito autorizado y el titular de los bienes (depositante).<\/p><p>El Bono de Prenda Warrant, es el TITULO VALOR que incorpora un cr\u00e9dito prendario sobre las mercader\u00edas depositadas. Representa un contrato entre el propietario de la mercader\u00eda amparadas por el CERTIFICADO DE DEPOSITO y el financiador con la garant\u00eda de los bienes almacenados.(Art. 691 CC)<\/p>\t\t\t\t\t\t\t\t<\/div>\n\t\t\t\t<\/div>\n\t\t\t\t\t<\/div>\n\t\t<\/div>\n\t\t\t\t\t<\/div>\n\t\t<\/section>\n\t\t\t\t\t<\/div>\n\t\t<\/div>\n\t\t\t\t\t<\/div>\n\t\t<\/section>\n\t\t\t\t<section class=\"elementor-section elementor-top-section elementor-element elementor-element-01287b7 elementor-section-boxed elementor-section-height-default elementor-section-height-default\" data-id=\"01287b7\" data-element_type=\"section\" data-e-type=\"section\">\n\t\t\t\t\t\t<div class=\"elementor-container elementor-column-gap-default\">\n\t\t\t\t\t<div class=\"elementor-column elementor-col-50 elementor-top-column elementor-element elementor-element-35a1e25\" data-id=\"35a1e25\" data-element_type=\"column\" data-e-type=\"column\">\n\t\t\t<div class=\"elementor-widget-wrap elementor-element-populated\">\n\t\t\t\t\t\t<div class=\"elementor-element elementor-element-7c115ac elementor-widget elementor-widget-heading\" data-id=\"7c115ac\" data-element_type=\"widget\" data-e-type=\"widget\" data-widget_type=\"heading.default\">\n\t\t\t\t<div class=\"elementor-widget-container\">\n\t\t\t\t\t<h2 class=\"elementor-heading-title elementor-size-default\">Procedimientos para una operaci\u00f3n de Deposito Simple\n<\/h2>\t\t\t\t<\/div>\n\t\t\t\t<\/div>\n\t\t\t\t<div class=\"elementor-element elementor-element-3e999b1 elementor-widget elementor-widget-text-editor\" data-id=\"3e999b1\" data-element_type=\"widget\" data-e-type=\"widget\" data-widget_type=\"text-editor.default\">\n\t\t\t\t<div class=\"elementor-widget-container\">\n\t\t\t\t\t\t\t\t\t<p>CONSTITUCION Y EMISION:<br \/>&#8211; El Cliente deber\u00e1 hacer llegar a ALTRASER S.A. una carta de solicitud de emisi\u00f3n de Certificado de Deposito Simple, donde se debe especificar el tipo de mercader\u00eda, el valor de la misma y el plazo establecido Certificado.<\/p><p>&#8211; La mercader\u00eda deber\u00e1 estar almacenada en un dep\u00f3sito que re\u00fana todas las condiciones para su buena conservaci\u00f3n.<\/p><p>&#8211; ALTRASER S.A. realizar\u00e1 una inspecci\u00f3n previa del recinto donde determinar\u00e1 si el mismo el apto para guardar mercader\u00edas, en caso de ser necesario se colocar\u00e1 un inspector permanente en el dep\u00f3sito o se tomar\u00e1 bajo el sistema de llave cruzada.<\/p><p>&#8211; La mercader\u00eda deber\u00e1 necesariamente estar amparada por una p\u00f3liza de seguros, la cual debe ser subrogada a favor de ALTRASER S.A. (en caso de no contar con una p\u00f3liza de seguro propia la mercader\u00eda podr\u00e1 ser incluida en la p\u00f3liza flotante de ALTRASER S.A.<\/p><p>&#8211; ALTRASER S.A emite un Certificado de Deposito por el total de la mercader\u00eda almacenada.<\/p><p>&#8211; El costo por el servicio del Certificado es dado por ALTRASER S.A. de manera mensual sobre el valor de la mercader\u00eda.<\/p><p>&#8211; El cliente deber\u00e1 presentar a ALTRASER S.A. toda la documentaci\u00f3n legal requerida, como ser:<\/p><p>1. Constituci\u00f3n de la empresa<br \/>2. Poder del(os) representante(s) legal(es).<br \/>3. C\u00e9dula de identidad del(os) representante(s) legal(es).<br \/>4. Licencia de funcionamiento de la H. Alcald\u00eda Municipal.<br \/>5. Registro de FUNDEMPRESA.<br \/>6. P\u00f3liza de seguro y subrogaci\u00f3n endosada a favor de ALTRASER S.A., en caso de no contar, se<br \/>le lo incluir\u00e1 en nuestra p\u00f3liza flotante, cuyo costo debe ser cubierto por la empresa.<br \/>7. Inventario valorado de la mercader\u00eda.<br \/>8. Estados Financieros de las dos ultimas gestiones.<\/p><p>PROCESO DE LIBERACION:<\/p><p>&#8211; El cliente env\u00eda una carta a ALTRASER S.A. solicitando la liberaci\u00f3n total o parcial de la mercader\u00eda, junto al Certificado de Deposito.<\/p><p>&#8211; ALTRASER S.A. efect\u00faa las anotaciones de la liberaci\u00f3n en el Certificado de Deposito original para luego devolver el documento al cliente<\/p><p>&#8211; La mercader\u00eda es liberada por ALTRASER S.A.<\/p>\t\t\t\t\t\t\t\t<\/div>\n\t\t\t\t<\/div>\n\t\t\t\t\t<\/div>\n\t\t<\/div>\n\t\t\t\t<div class=\"elementor-column elementor-col-50 elementor-top-column elementor-element elementor-element-e1f909a\" data-id=\"e1f909a\" data-element_type=\"column\" data-e-type=\"column\">\n\t\t\t<div class=\"elementor-widget-wrap elementor-element-populated\">\n\t\t\t\t\t\t<div class=\"elementor-element elementor-element-26a3b9d elementor-widget elementor-widget-heading\" data-id=\"26a3b9d\" data-element_type=\"widget\" data-e-type=\"widget\" data-widget_type=\"heading.default\">\n\t\t\t\t<div class=\"elementor-widget-container\">\n\t\t\t\t\t<h2 class=\"elementor-heading-title elementor-size-default\">Procedimientos para una operaci\u00f3n con Garant\u00eda Warrant\n<\/h2>\t\t\t\t<\/div>\n\t\t\t\t<\/div>\n\t\t\t\t<div class=\"elementor-element elementor-element-c7e8caa elementor-widget elementor-widget-text-editor\" data-id=\"c7e8caa\" data-element_type=\"widget\" data-e-type=\"widget\" data-widget_type=\"text-editor.default\">\n\t\t\t\t<div class=\"elementor-widget-container\">\n\t\t\t\t\t\t\t\t\t<p>CONSTITUCION Y EMISION:<br \/>&#8211; El Financiador y su cliente acuerdan el otorgamiento de uno o m\u00e1s cr\u00e9ditos con garant\u00eda Warrants.<\/p><p>&#8211; El Financiador deber\u00e1 hacer llegar a ALTRASER S.A. una carta de solicitud de emisi\u00f3n de Bono de Prenda, donde se debe especificar el tipo de mercader\u00eda, el valor de la misma y el plazo establecido para el T\u00edtulo valor.<\/p><p>&#8211; La mercader\u00eda deber\u00e1 estar almacenada en un dep\u00f3sito que re\u00fana todas las condiciones para su buena conservaci\u00f3n.<\/p><p>&#8211; ALTRASER S.A. realizar\u00e1 una inspecci\u00f3n previa del recinto donde determinar\u00e1 si el mismo es apto para guardar mercader\u00edas en Warrant, en caso de ser necesario se colocar\u00e1 un inspector permanente en el dep\u00f3sito o se tomar\u00e1 bajo el sistema de llave cruzada.<\/p><p>&#8211; ALTRASER S.A. emite un Certificado de Deposito y un Bono de Prenda por el total de la mercader\u00eda almacenada.<\/p><p>&#8211; El precio de la mercader\u00eda deber\u00e1 ser acordado entre el cliente y el financiador.<\/p><p>&#8211; La mercader\u00eda deber\u00e1 necesariamente estar amparada por una p\u00f3liza de seguros, la cual debe ser subrogada a favor de ALTRASER S.A. (en caso de no contar con una p\u00f3liza de seguro propia la mercader\u00eda podr\u00e1 ser incluida en la p\u00f3liza flotante de ALTRASER S.A.<\/p><p>&#8211; El costo por el servicio Warrant es dado por ALTRASER S.A. de manera mensual sobre el valor de la garant\u00eda.<\/p><p>&#8211; El cliente deber\u00e1 presentar a ALTRASER S.A. toda la documentaci\u00f3n legal requerida siguiente:<\/p><p>1. Constituci\u00f3n de la empresa<br \/>2. Poder del(os) representante(s) legal(es).<br \/>3. C\u00e9dula de identidad del(os) representante(s) legal(es).<br \/>4. Licencia de funcionamiento de la H. Alcald\u00eda Municipal.<br \/>5. Registro de FUNDEMPRESA.<br \/>6. P\u00f3liza de seguro y subrogaci\u00f3n endosada a favor de ALTRASER S.A., en caso de no contar, se<br \/>le lo incluir\u00e1 en nuestra p\u00f3liza flotante, cuyo costo debe ser cubierto por la empresa.<br \/>7. Inventario valorado de la mercader\u00eda.<br \/>8. Estados Financieros de las dos ultimas gestiones.<\/p><p>PROCESO DE LIBERACION:<\/p><p>&#8211; El deudor concurre al financiador a pagar o a efectuar un abono a sus cr\u00e9ditos.<br \/>&#8211; El financiador env\u00eda una carta a ALTRASER S.A. solicitando la liberaci\u00f3n total o parcial de la mercader\u00eda en Warrants, junto al Bono de Prenda.<br \/>&#8211; ALTRASER S.A. efect\u00faa las anotaciones de la liberaci\u00f3n en el Bono de Prenda original para luego devolver el documento al financiador<br \/>&#8211; La mercader\u00eda es liberada por ALTRASER S.A.<\/p><p>PROCESO DE PROTESTO Y SUBASTA<\/p><p>&#8211; Si el deudor no pagara la obligaci\u00f3n al vencimiento del cr\u00e9dito, el financiador prendario dar\u00e1 3 d\u00edas h\u00e1biles para luego comunicar por escrito a ALTRASER S.A. para el registro del protesto respectivo del Bono de Prenda.<br \/>&#8211; El deudor tiene 5 d\u00edas h\u00e1biles mas para cancelar la deuda y si no hiciera se realizar\u00e1 el proceso<br \/>de remate de la mercader\u00eda.<br \/>&#8211; ALTRASER S.A. de acuerdo con el martillero p\u00fablico que designe, fijar\u00e1 la fecha del remate,<br \/>tom\u00e1ndose el tiempo necesario para hacer las publicaciones legales y comerciales pertinentes.<\/p>\t\t\t\t\t\t\t\t<\/div>\n\t\t\t\t<\/div>\n\t\t\t\t\t<\/div>\n\t\t<\/div>\n\t\t\t\t\t<\/div>\n\t\t<\/section>\n\t\t\t\t<\/div>\n\t\t ","protected":false},"excerpt":{"rendered":"<p>T\u00edtulos Valores Operaciones de Dep\u00f3sito Simpley con Garant\u00eda WarrantALTRASER S.A. cuenta con recintos habilitados para recibir mercader\u00eda que se constituir\u00e1n en dep\u00f3sitos Simple o Warrant. Dichos recintos pueden ser de las almaceneras, zona franca, recintos aduaneros o del cliente. Las Mercader\u00edas que pueden darse en Warrants o Deposito Simple son en general productos agr\u00edcolas, materias &hellip;<\/p>\n<p class=\"read-more\"> <a class=\"\" href=\"https:\/\/www.altraser.com.bo\/?page_id=87\"> <span class=\"screen-reader-text\">T\u00edtulos Valores<\/span> Leer m\u00e1s &raquo;<\/a><\/p>\n","protected":false},"author":1,"featured_media":0,"parent":0,"menu_order":0,"comment_status":"closed","ping_status":"closed","template":"","meta":{"footnotes":""},"class_list":["post-87","page","type-page","status-publish","hentry"],"_links":{"self":[{"href":"https:\/\/www.altraser.com.bo\/index.php?rest_route=\/wp\/v2\/pages\/87","targetHints":{"allow":["GET"]}}],"collection":[{"href":"https:\/\/www.altraser.com.bo\/index.php?rest_route=\/wp\/v2\/pages"}],"about":[{"href":"https:\/\/www.altraser.com.bo\/index.php?rest_route=\/wp\/v2\/types\/page"}],"author":[{"embeddable":true,"href":"https:\/\/www.altraser.com.bo\/index.php?rest_route=\/wp\/v2\/users\/1"}],"replies":[{"embeddable":true,"href":"https:\/\/www.altraser.com.bo\/index.php?rest_route=%2Fwp%2Fv2%2Fcomments&post=87"}],"version-history":[{"count":41,"href":"https:\/\/www.altraser.com.bo\/index.php?rest_route=\/wp\/v2\/pages\/87\/revisions"}],"predecessor-version":[{"id":2029,"href":"https:\/\/www.altraser.com.bo\/index.php?rest_route=\/wp\/v2\/pages\/87\/revisions\/2029"}],"wp:attachment":[{"href":"https:\/\/www.altraser.com.bo\/index.php?rest_route=%2Fwp%2Fv2%2Fmedia&parent=87"}],"curies":[{"name":"wp","href":"https:\/\/api.w.org\/{rel}","templated":true}]}}