{"id":66,"date":"2021-01-17T00:41:39","date_gmt":"2021-01-17T00:41:39","guid":{"rendered":"http:\/\/localhost\/altraser2\/?page_id=66"},"modified":"2024-08-23T15:44:26","modified_gmt":"2024-08-23T15:44:26","slug":"nuestro-equipo","status":"publish","type":"page","link":"https:\/\/www.altraser.com.bo\/?page_id=66","title":{"rendered":"Nuestro Equipo"},"content":{"rendered":"\t\t<div data-elementor-type=\"wp-page\" data-elementor-id=\"66\" class=\"elementor elementor-66\">\n\t\t\t\t\t\t<section class=\"elementor-section elementor-top-section elementor-element elementor-element-4ec58cfc elementor-section-content-middle elementor-section-boxed elementor-section-height-default elementor-section-height-default\" data-id=\"4ec58cfc\" data-element_type=\"section\" data-e-type=\"section\" data-settings=\"{&quot;background_background&quot;:&quot;classic&quot;}\">\n\t\t\t\t\t\t<div class=\"elementor-container elementor-column-gap-no\">\n\t\t\t\t\t<div class=\"elementor-column elementor-col-100 elementor-top-column elementor-element elementor-element-79605eef\" data-id=\"79605eef\" data-element_type=\"column\" data-e-type=\"column\">\n\t\t\t<div class=\"elementor-widget-wrap elementor-element-populated\">\n\t\t\t\t\t\t<div class=\"elementor-element elementor-element-4b03c5f3 elementor-widget elementor-widget-spacer\" data-id=\"4b03c5f3\" data-element_type=\"widget\" data-e-type=\"widget\" data-widget_type=\"spacer.default\">\n\t\t\t\t<div class=\"elementor-widget-container\">\n\t\t\t\t\t\t\t<div class=\"elementor-spacer\">\n\t\t\t<div class=\"elementor-spacer-inner\"><\/div>\n\t\t<\/div>\n\t\t\t\t\t\t<\/div>\n\t\t\t\t<\/div>\n\t\t\t\t\t<\/div>\n\t\t<\/div>\n\t\t\t\t\t<\/div>\n\t\t<\/section>\n\t\t\t\t<section class=\"elementor-section elementor-top-section elementor-element elementor-element-4a72726 elementor-section-boxed elementor-section-height-default elementor-section-height-default\" data-id=\"4a72726\" data-element_type=\"section\" data-e-type=\"section\">\n\t\t\t\t\t\t<div class=\"elementor-container elementor-column-gap-default\">\n\t\t\t\t\t<div class=\"elementor-column elementor-col-50 elementor-top-column elementor-element elementor-element-81fa9d7\" data-id=\"81fa9d7\" data-element_type=\"column\" data-e-type=\"column\">\n\t\t\t<div class=\"elementor-widget-wrap elementor-element-populated\">\n\t\t\t\t\t\t<div class=\"elementor-element elementor-element-48fcdc8 elementor-widget elementor-widget-text-editor\" data-id=\"48fcdc8\" data-element_type=\"widget\" data-e-type=\"widget\" data-widget_type=\"text-editor.default\">\n\t\t\t\t<div class=\"elementor-widget-container\">\n\t\t\t\t\t\t\t\t\t<h3><strong>Nuestro Equipo<\/strong><\/h3><p>ALTRASER S.A. cuenta con un capital humano altamente competitivo, comprometido e involucrado con el cumplimiento de la misi\u00f3n y los objetivos corporativos, los valores que construyen la cultura institucional est\u00e1n fundamentalmente enfocados al cliente y orientados a brindar el mejor servicio, actuando con principios \u00e9ticos, trabajo en equipo, respeto y responsabilidad social. Uno de los pilares fundamentales de la empresa es la amplia trayectoria de su personal, caracterizado por su competencia, experiencia, eficiencia e idoneidad. El desempe\u00f1o del personal est\u00e1 enmarcado por los manuales de funciones y procedimientos y la operaci\u00f3n por una pol\u00edtica de riesgo elaborada en base a las m\u00e1s estrictas normas y en cumplimiento a la normativa ASFI, todo esto orientado a dar un servicio seguro, \u00e1gil y confiable para nuestros clientes. Es por eso que ALTRASER S.A dedica sus mejores esfuerzos a brindar una formaci\u00f3n integral a los colaboradores y permanentemente ejecuta programas de mejoramiento alineados con las estrategias corporativas, a fin de garantizar altos niveles de desarrollo personal y profesional y una efectiva gesti\u00f3n operativa y de negocios, que asegure la constante construcci\u00f3n de la visi\u00f3n empresarial. <br \/>Nuestra estructura ejecutiva es la siguiente:<\/p>\t\t\t\t\t\t\t\t<\/div>\n\t\t\t\t<\/div>\n\t\t\t\t<div class=\"elementor-element elementor-element-c2e1deb elementor-fixed elementor-widget elementor-widget-image\" data-id=\"c2e1deb\" data-element_type=\"widget\" data-e-type=\"widget\" data-settings=\"{&quot;_position&quot;:&quot;fixed&quot;}\" data-widget_type=\"image.default\">\n\t\t\t\t<div class=\"elementor-widget-container\">\n\t\t\t\t\t\t\t\t\t\t\t\t\t\t\t\t<a href=\"\/?page_id=1560\">\n\t\t\t\t\t\t\t<img fetchpriority=\"high\" decoding=\"async\" width=\"1024\" height=\"1024\" src=\"https:\/\/www.altraser.com.bo\/wp-content\/uploads\/2022\/06\/Punto-de-reclamo_-1024x1024.png\" class=\"attachment-large size-large wp-image-1675\" alt=\"\" srcset=\"https:\/\/www.altraser.com.bo\/wp-content\/uploads\/2022\/06\/Punto-de-reclamo_-1024x1024.png 1024w, https:\/\/www.altraser.com.bo\/wp-content\/uploads\/2022\/06\/Punto-de-reclamo_-300x300.png 300w, https:\/\/www.altraser.com.bo\/wp-content\/uploads\/2022\/06\/Punto-de-reclamo_-150x150.png 150w, https:\/\/www.altraser.com.bo\/wp-content\/uploads\/2022\/06\/Punto-de-reclamo_-768x769.png 768w, https:\/\/www.altraser.com.bo\/wp-content\/uploads\/2022\/06\/Punto-de-reclamo_-1534x1536.png 1534w\" sizes=\"(max-width: 1024px) 100vw, 1024px\" \/>\t\t\t\t\t\t\t\t<\/a>\n\t\t\t\t\t\t\t\t\t\t\t\t\t\t\t<\/div>\n\t\t\t\t<\/div>\n\t\t\t\t\t<\/div>\n\t\t<\/div>\n\t\t\t\t<div class=\"elementor-column elementor-col-50 elementor-top-column elementor-element elementor-element-8e92728\" data-id=\"8e92728\" data-element_type=\"column\" data-e-type=\"column\">\n\t\t\t<div class=\"elementor-widget-wrap elementor-element-populated\">\n\t\t\t\t\t\t<div class=\"elementor-element elementor-element-d82c123 elementor-widget elementor-widget-text-editor\" data-id=\"d82c123\" data-element_type=\"widget\" data-e-type=\"widget\" data-widget_type=\"text-editor.default\">\n\t\t\t\t<div class=\"elementor-widget-container\">\n\t\t\t\t\t\t\t\t\t<p><strong>Gerente General<\/strong><br>Rodolfo Holzmann Nano<br><strong>Asesor Legal<\/strong><br>Samuel Gonzales Gutierrez<br><strong>Gerente de Operaciones<\/strong><br>Edgar Suarez Suarez<br><strong>Jefe administrativo y Contable<\/strong><br>Dora Garcia de Soraire<br><strong>Jefe de Sistemas<\/strong><br>Luis Rene Saucedo Vargas<br><strong>Responsable Gesti\u00f3n Integral de Riesgo<\/strong><br>Claudia Verduguez Quemaya<br><strong>Auditora Interna<\/strong><br>Mariela Duran Loayza<\/p>\t\t\t\t\t\t\t\t<\/div>\n\t\t\t\t<\/div>\n\t\t\t\t\t<\/div>\n\t\t<\/div>\n\t\t\t\t\t<\/div>\n\t\t<\/section>\n\t\t\t\t<\/div>\n\t\t ","protected":false},"excerpt":{"rendered":"<p>Nuestro Equipo ALTRASER S.A. cuenta con un capital humano altamente competitivo, comprometido e involucrado con el cumplimiento de la misi\u00f3n y los objetivos corporativos, los valores que construyen la cultura institucional est\u00e1n fundamentalmente enfocados al cliente y orientados a brindar el mejor servicio, actuando con principios \u00e9ticos, trabajo en equipo, respeto y responsabilidad social. Uno &hellip;<\/p>\n<p class=\"read-more\"> <a class=\"\" href=\"https:\/\/www.altraser.com.bo\/?page_id=66\"> <span class=\"screen-reader-text\">Nuestro Equipo<\/span> Leer m\u00e1s &raquo;<\/a><\/p>\n","protected":false},"author":1,"featured_media":0,"parent":0,"menu_order":0,"comment_status":"closed","ping_status":"closed","template":"","meta":{"footnotes":""},"class_list":["post-66","page","type-page","status-publish","hentry"],"_links":{"self":[{"href":"https:\/\/www.altraser.com.bo\/index.php?rest_route=\/wp\/v2\/pages\/66","targetHints":{"allow":["GET"]}}],"collection":[{"href":"https:\/\/www.altraser.com.bo\/index.php?rest_route=\/wp\/v2\/pages"}],"about":[{"href":"https:\/\/www.altraser.com.bo\/index.php?rest_route=\/wp\/v2\/types\/page"}],"author":[{"embeddable":true,"href":"https:\/\/www.altraser.com.bo\/index.php?rest_route=\/wp\/v2\/users\/1"}],"replies":[{"embeddable":true,"href":"https:\/\/www.altraser.com.bo\/index.php?rest_route=%2Fwp%2Fv2%2Fcomments&post=66"}],"version-history":[{"count":37,"href":"https:\/\/www.altraser.com.bo\/index.php?rest_route=\/wp\/v2\/pages\/66\/revisions"}],"predecessor-version":[{"id":2011,"href":"https:\/\/www.altraser.com.bo\/index.php?rest_route=\/wp\/v2\/pages\/66\/revisions\/2011"}],"wp:attachment":[{"href":"https:\/\/www.altraser.com.bo\/index.php?rest_route=%2Fwp%2Fv2%2Fmedia&parent=66"}],"curies":[{"name":"wp","href":"https:\/\/api.w.org\/{rel}","templated":true}]}}