{"id":35,"date":"2021-01-17T00:12:27","date_gmt":"2021-01-17T00:12:27","guid":{"rendered":"http:\/\/localhost\/altraser2\/?page_id=35"},"modified":"2024-08-23T15:49:44","modified_gmt":"2024-08-23T15:49:44","slug":"empresa","status":"publish","type":"page","link":"https:\/\/www.altraser.com.bo\/?page_id=35","title":{"rendered":"Quienes Somos"},"content":{"rendered":"\t\t<div data-elementor-type=\"wp-page\" data-elementor-id=\"35\" class=\"elementor elementor-35\">\n\t\t\t\t\t\t<section class=\"elementor-section elementor-top-section elementor-element elementor-element-362b1018 elementor-section-content-middle elementor-section-boxed elementor-section-height-default elementor-section-height-default\" data-id=\"362b1018\" data-element_type=\"section\" data-e-type=\"section\" data-settings=\"{&quot;background_background&quot;:&quot;classic&quot;}\">\n\t\t\t\t\t\t<div class=\"elementor-container elementor-column-gap-no\">\n\t\t\t\t\t<div class=\"elementor-column elementor-col-100 elementor-top-column elementor-element elementor-element-2b48d5ac\" data-id=\"2b48d5ac\" data-element_type=\"column\" data-e-type=\"column\">\n\t\t\t<div class=\"elementor-widget-wrap elementor-element-populated\">\n\t\t\t\t\t\t<div class=\"elementor-element elementor-element-667e7ad2 elementor-widget elementor-widget-spacer\" data-id=\"667e7ad2\" data-element_type=\"widget\" data-e-type=\"widget\" data-widget_type=\"spacer.default\">\n\t\t\t\t<div class=\"elementor-widget-container\">\n\t\t\t\t\t\t\t<div class=\"elementor-spacer\">\n\t\t\t<div class=\"elementor-spacer-inner\"><\/div>\n\t\t<\/div>\n\t\t\t\t\t\t<\/div>\n\t\t\t\t<\/div>\n\t\t\t\t\t<\/div>\n\t\t<\/div>\n\t\t\t\t\t<\/div>\n\t\t<\/section>\n\t\t\t\t<section class=\"elementor-section elementor-top-section elementor-element elementor-element-64ff654 elementor-section-boxed elementor-section-height-default elementor-section-height-default\" data-id=\"64ff654\" data-element_type=\"section\" data-e-type=\"section\">\n\t\t\t\t\t\t<div class=\"elementor-container elementor-column-gap-default\">\n\t\t\t\t\t<div class=\"elementor-column elementor-col-100 elementor-top-column elementor-element elementor-element-7e25a9e\" data-id=\"7e25a9e\" data-element_type=\"column\" data-e-type=\"column\">\n\t\t\t<div class=\"elementor-widget-wrap elementor-element-populated\">\n\t\t\t\t\t\t<div class=\"elementor-element elementor-element-d1d3051 elementor-widget elementor-widget-heading\" data-id=\"d1d3051\" data-element_type=\"widget\" data-e-type=\"widget\" data-widget_type=\"heading.default\">\n\t\t\t\t<div class=\"elementor-widget-container\">\n\t\t\t\t\t<h4 class=\"elementor-heading-title elementor-size-default\">\u00bfQui\u00e9nes Somos?<\/h4>\t\t\t\t<\/div>\n\t\t\t\t<\/div>\n\t\t\t\t<div class=\"elementor-element elementor-element-76404f3 elementor-widget elementor-widget-text-editor\" data-id=\"76404f3\" data-element_type=\"widget\" data-e-type=\"widget\" data-widget_type=\"text-editor.default\">\n\t\t\t\t<div class=\"elementor-widget-container\">\n\t\t\t\t\t\t\t\t\t<p style=\"text-align: left;\"><span class=\"cuerpo\">ALTRASER S.A., es una Sociedad An\u00f3nima constituida bajo las leyes del Estado Plurinacional de Bolivia, con domicilio en el Parque Industrial Manzana Numero 5 de la ciudad de Santa Cruz de la Sierra, habiendo iniciado sus actividades el 15 de noviembre de 1991.<\/span><\/p><p style=\"text-align: left;\">ALTRASER S.A. es una empresa de Servicios Financieros Complementarios, especializada en el almacenamiento, guarda, custodia y administraci\u00f3n de inventarios de mercader\u00edas y la emisi\u00f3n de T\u00edtulos Valor (Certifi\u00accado de Dep\u00f3sito y Bonos de Prenda), que son utilizados como garant\u00eda, para la obtenci\u00f3n de cr\u00e9ditos en el Sistema Financiero.<\/p><p style=\"text-align: left;\">Algunos de los principales valores con que cuenta la empresa son:<\/p><p style=\"text-align: left;\">\u2022 La amplia trayectoria de su personal, caracterizado por su competencia, experiencia, eficiencia e idoneidad.<br \/>\u2022 El desempe\u00f1o del personal, est\u00e1 enmarcado por manuales de funciones y procedimientos y la operaci\u00f3n por una pol\u00edtica de riesgos elaborada en base a las m\u00e1s estrictas normas y en cumplimiento a las leyes del sector; todo esto orientado a dar un servicio seguro, \u00e1gil y confiable para nuestros clientes.<br \/>\u2022 La mayor capacidad de almacenaje del sistema, con una superficie de m\u00e1s quince mil metros cuadrados de dep\u00f3sitos cubiertos y siete mil metros cuadrados al descubierto.<br \/>\u2022 El personal y equipamiento necesario para un adecuado manejo y almacenamiento de la mercader\u00eda a nuestro cuidado.<br \/>\u2022 Mantenemos relaciones comerciales con la totalidad de los bancos y algunas cooperativas del sistema \u00acfinanciero boliviano.<br \/>\u2022 Operamos con la mayor\u00eda de los principales sectores productivos de la regi\u00f3n y del pa\u00eds, contando con personal en las ciudades de La Paz, Cochabamba, Santa Cruz, Montero, Tarija,y Bermejo y Riberalta en el Beni.<br \/>\u2022 Somos l\u00edderes del mercado del Warrant, con una participaci\u00f3n mayoritaria y especialistas en el sector Agroindustrial.<\/p>\t\t\t\t\t\t\t\t<\/div>\n\t\t\t\t<\/div>\n\t\t\t\t<div class=\"elementor-element elementor-element-7a30955 elementor-fixed elementor-widget elementor-widget-image\" data-id=\"7a30955\" data-element_type=\"widget\" data-e-type=\"widget\" data-settings=\"{&quot;_position&quot;:&quot;fixed&quot;}\" data-widget_type=\"image.default\">\n\t\t\t\t<div class=\"elementor-widget-container\">\n\t\t\t\t\t\t\t\t\t\t\t\t\t\t\t\t<a href=\"\/?page_id=1560\">\n\t\t\t\t\t\t\t<img fetchpriority=\"high\" decoding=\"async\" width=\"1024\" height=\"1024\" src=\"https:\/\/www.altraser.com.bo\/wp-content\/uploads\/2022\/06\/Punto-de-reclamo_-1024x1024.png\" class=\"attachment-large size-large wp-image-1675\" alt=\"\" srcset=\"https:\/\/www.altraser.com.bo\/wp-content\/uploads\/2022\/06\/Punto-de-reclamo_-1024x1024.png 1024w, https:\/\/www.altraser.com.bo\/wp-content\/uploads\/2022\/06\/Punto-de-reclamo_-300x300.png 300w, https:\/\/www.altraser.com.bo\/wp-content\/uploads\/2022\/06\/Punto-de-reclamo_-150x150.png 150w, https:\/\/www.altraser.com.bo\/wp-content\/uploads\/2022\/06\/Punto-de-reclamo_-768x769.png 768w, https:\/\/www.altraser.com.bo\/wp-content\/uploads\/2022\/06\/Punto-de-reclamo_-1534x1536.png 1534w\" sizes=\"(max-width: 1024px) 100vw, 1024px\" \/>\t\t\t\t\t\t\t\t<\/a>\n\t\t\t\t\t\t\t\t\t\t\t\t\t\t\t<\/div>\n\t\t\t\t<\/div>\n\t\t\t\t\t<\/div>\n\t\t<\/div>\n\t\t\t\t\t<\/div>\n\t\t<\/section>\n\t\t\t\t<\/div>\n\t\t ","protected":false},"excerpt":{"rendered":"<p>\u00bfQui\u00e9nes Somos? ALTRASER S.A., es una Sociedad An\u00f3nima constituida bajo las leyes del Estado Plurinacional de Bolivia, con domicilio en el Parque Industrial Manzana Numero 5 de la ciudad de Santa Cruz de la Sierra, habiendo iniciado sus actividades el 15 de noviembre de 1991. ALTRASER S.A. es una empresa de Servicios Financieros Complementarios, especializada &hellip;<\/p>\n<p class=\"read-more\"> <a class=\"\" href=\"https:\/\/www.altraser.com.bo\/?page_id=35\"> <span class=\"screen-reader-text\">Quienes Somos<\/span> Leer m\u00e1s &raquo;<\/a><\/p>\n","protected":false},"author":1,"featured_media":0,"parent":0,"menu_order":0,"comment_status":"closed","ping_status":"closed","template":"","meta":{"footnotes":""},"class_list":["post-35","page","type-page","status-publish","hentry"],"_links":{"self":[{"href":"https:\/\/www.altraser.com.bo\/index.php?rest_route=\/wp\/v2\/pages\/35","targetHints":{"allow":["GET"]}}],"collection":[{"href":"https:\/\/www.altraser.com.bo\/index.php?rest_route=\/wp\/v2\/pages"}],"about":[{"href":"https:\/\/www.altraser.com.bo\/index.php?rest_route=\/wp\/v2\/types\/page"}],"author":[{"embeddable":true,"href":"https:\/\/www.altraser.com.bo\/index.php?rest_route=\/wp\/v2\/users\/1"}],"replies":[{"embeddable":true,"href":"https:\/\/www.altraser.com.bo\/index.php?rest_route=%2Fwp%2Fv2%2Fcomments&post=35"}],"version-history":[{"count":29,"href":"https:\/\/www.altraser.com.bo\/index.php?rest_route=\/wp\/v2\/pages\/35\/revisions"}],"predecessor-version":[{"id":2023,"href":"https:\/\/www.altraser.com.bo\/index.php?rest_route=\/wp\/v2\/pages\/35\/revisions\/2023"}],"wp:attachment":[{"href":"https:\/\/www.altraser.com.bo\/index.php?rest_route=%2Fwp%2Fv2%2Fmedia&parent=35"}],"curies":[{"name":"wp","href":"https:\/\/api.w.org\/{rel}","templated":true}]}}