{"id":1560,"date":"2021-10-18T19:17:22","date_gmt":"2021-10-18T19:17:22","guid":{"rendered":"http:\/\/192.168.1.6\/?page_id=1560"},"modified":"2024-08-23T15:46:09","modified_gmt":"2024-08-23T15:46:09","slug":"reclamos","status":"publish","type":"page","link":"https:\/\/www.altraser.com.bo\/?page_id=1560","title":{"rendered":"Reclamos"},"content":{"rendered":"\t\t<div data-elementor-type=\"wp-page\" data-elementor-id=\"1560\" class=\"elementor elementor-1560\">\n\t\t\t\t\t\t<section class=\"elementor-section elementor-top-section elementor-element elementor-element-8c58655 elementor-section-boxed elementor-section-height-default elementor-section-height-default\" data-id=\"8c58655\" data-element_type=\"section\" data-e-type=\"section\">\n\t\t\t\t\t\t<div class=\"elementor-container elementor-column-gap-default\">\n\t\t\t\t\t<div class=\"elementor-column elementor-col-33 elementor-top-column elementor-element elementor-element-8b416d3\" data-id=\"8b416d3\" data-element_type=\"column\" data-e-type=\"column\">\n\t\t\t<div class=\"elementor-widget-wrap elementor-element-populated\">\n\t\t\t\t\t\t<div class=\"elementor-element elementor-element-f4a8adc elementor-fixed elementor-widget elementor-widget-image\" data-id=\"f4a8adc\" data-element_type=\"widget\" data-e-type=\"widget\" data-settings=\"{&quot;_position&quot;:&quot;fixed&quot;}\" data-widget_type=\"image.default\">\n\t\t\t\t<div class=\"elementor-widget-container\">\n\t\t\t\t\t\t\t\t\t\t\t\t\t\t\t\t<a href=\"\/?page_id=1560\">\n\t\t\t\t\t\t\t<img fetchpriority=\"high\" decoding=\"async\" width=\"1024\" height=\"1024\" src=\"https:\/\/www.altraser.com.bo\/wp-content\/uploads\/2022\/06\/Punto-de-reclamo_-1024x1024.png\" class=\"attachment-large size-large wp-image-1675\" alt=\"\" srcset=\"https:\/\/www.altraser.com.bo\/wp-content\/uploads\/2022\/06\/Punto-de-reclamo_-1024x1024.png 1024w, https:\/\/www.altraser.com.bo\/wp-content\/uploads\/2022\/06\/Punto-de-reclamo_-300x300.png 300w, https:\/\/www.altraser.com.bo\/wp-content\/uploads\/2022\/06\/Punto-de-reclamo_-150x150.png 150w, https:\/\/www.altraser.com.bo\/wp-content\/uploads\/2022\/06\/Punto-de-reclamo_-768x769.png 768w, https:\/\/www.altraser.com.bo\/wp-content\/uploads\/2022\/06\/Punto-de-reclamo_-1534x1536.png 1534w\" sizes=\"(max-width: 1024px) 100vw, 1024px\" \/>\t\t\t\t\t\t\t\t<\/a>\n\t\t\t\t\t\t\t\t\t\t\t\t\t\t\t<\/div>\n\t\t\t\t<\/div>\n\t\t\t\t\t<\/div>\n\t\t<\/div>\n\t\t\t\t<div class=\"elementor-column elementor-col-66 elementor-top-column elementor-element elementor-element-4f3b777\" data-id=\"4f3b777\" data-element_type=\"column\" data-e-type=\"column\">\n\t\t\t<div class=\"elementor-widget-wrap elementor-element-populated\">\n\t\t\t\t\t\t<div class=\"elementor-element elementor-element-71f3783 elementor-widget elementor-widget-heading\" data-id=\"71f3783\" data-element_type=\"widget\" data-e-type=\"widget\" data-widget_type=\"heading.default\">\n\t\t\t\t<div class=\"elementor-widget-container\">\n\t\t\t\t\t<h2 class=\"elementor-heading-title elementor-size-default\">Formulario de Reclamo<\/h2>\t\t\t\t<\/div>\n\t\t\t\t<\/div>\n\t\t\t\t<div class=\"elementor-element elementor-element-97623d5 eael-contact-form-7-button-align-left eael-contact-form-7-button-custom elementor-widget elementor-widget-eael-contact-form-7\" data-id=\"97623d5\" data-element_type=\"widget\" data-e-type=\"widget\" data-widget_type=\"eael-contact-form-7.default\">\n\t\t\t\t<div class=\"elementor-widget-container\">\n\t\t\t\t\t<div class=\"eael-contact-form-7-wrapper\">\n                <div class=\"eael-contact-form eael-contact-form-7 eael-contact-form-97623d5 placeholder-show eael-contact-form-align-default\">\n<div class=\"wpcf7 no-js\" id=\"wpcf7-f1559-o1\" lang=\"es-ES\" dir=\"ltr\" data-wpcf7-id=\"1559\">\n<div class=\"screen-reader-response\"><p role=\"status\" aria-live=\"polite\" aria-atomic=\"true\"><\/p> <ul><\/ul><\/div>\n<form action=\"\/index.php?rest_route=%2Fwp%2Fv2%2Fpages%2F1560#wpcf7-f1559-o1\" method=\"post\" class=\"wpcf7-form init\" aria-label=\"Formulario de contacto\" novalidate=\"novalidate\" data-status=\"init\">\n<fieldset class=\"hidden-fields-container\"><input type=\"hidden\" name=\"_wpcf7\" value=\"1559\" \/><input type=\"hidden\" name=\"_wpcf7_version\" value=\"6.1.5\" \/><input type=\"hidden\" name=\"_wpcf7_locale\" value=\"es_ES\" \/><input type=\"hidden\" name=\"_wpcf7_unit_tag\" value=\"wpcf7-f1559-o1\" \/><input type=\"hidden\" name=\"_wpcf7_container_post\" value=\"0\" \/><input type=\"hidden\" name=\"_wpcf7_posted_data_hash\" value=\"\" \/>\n<\/fieldset>\n<p><label> Nombre \/ Razon Social<br \/>\n<span class=\"wpcf7-form-control-wrap\" data-name=\"your-name\"><input size=\"40\" maxlength=\"400\" class=\"wpcf7-form-control wpcf7-text wpcf7-validates-as-required\" aria-required=\"true\" aria-invalid=\"false\" value=\"\" type=\"text\" name=\"your-name\" \/><\/span> <\/label>\n<\/p>\n<p> Tipo de Reclamo<span class=\"wpcf7-form-control-wrap\" data-name=\"radio-861nat\"><span class=\"wpcf7-form-control wpcf7-radio\"><span class=\"wpcf7-list-item first\"><label><input type=\"radio\" name=\"radio-861nat\" value=\"Persona Natural\" checked=\"checked\" \/><span class=\"wpcf7-list-item-label\">Persona Natural<\/span><\/label><\/span><span class=\"wpcf7-list-item\"><label><input type=\"radio\" name=\"radio-861nat\" value=\"Persona Juridica\" \/><span class=\"wpcf7-list-item-label\">Persona Juridica<\/span><\/label><\/span><span class=\"wpcf7-list-item last\"><label><input type=\"radio\" name=\"radio-861nat\" value=\"Apoderado Persona Natural\" \/><span class=\"wpcf7-list-item-label\">Apoderado Persona Natural<\/span><\/label><\/span><\/span><\/span>\n<\/p>\n<p><label>N\u00ba Cedula de Identidad<span class=\"wpcf7-form-control-wrap\" data-name=\"text-593-ci\"><input size=\"40\" maxlength=\"400\" class=\"wpcf7-form-control wpcf7-text\" aria-invalid=\"false\" value=\"\" type=\"text\" name=\"text-593-ci\" \/><\/span><\/label>\n<\/p>\n<p><label>Nombre del Representante legal o Apoderado<span class=\"wpcf7-form-control-wrap\" data-name=\"text-766rep\"><input size=\"40\" maxlength=\"400\" class=\"wpcf7-form-control wpcf7-text\" aria-invalid=\"false\" value=\"\" type=\"text\" name=\"text-766rep\" \/><\/span><\/label>\n<\/p>\n<p><label>Numero de testimonio Poder<span class=\"wpcf7-form-control-wrap\" data-name=\"text-61-pod\"><input size=\"40\" maxlength=\"400\" class=\"wpcf7-form-control wpcf7-text\" aria-invalid=\"false\" value=\"\" type=\"text\" name=\"text-61-pod\" \/><\/span><\/label>\n<\/p>\n<p><label>Direcci\u00f3n<span class=\"wpcf7-form-control-wrap\" data-name=\"text-61-dir\"><input size=\"40\" maxlength=\"400\" class=\"wpcf7-form-control wpcf7-text\" aria-invalid=\"false\" value=\"\" type=\"text\" name=\"text-61-dir\" \/><\/span><\/label>\n<\/p>\n<p><label>Tel\u00e9fono<span class=\"wpcf7-form-control-wrap\" data-name=\"tel-132\"><input size=\"40\" maxlength=\"400\" class=\"wpcf7-form-control wpcf7-tel wpcf7-text wpcf7-validates-as-tel\" aria-invalid=\"false\" value=\"\" type=\"tel\" name=\"tel-132\" \/><\/span><\/label>\n<\/p>\n<p><label> Correo electr\u00f3nico<br \/>\n<span class=\"wpcf7-form-control-wrap\" data-name=\"your-email\"><input size=\"40\" maxlength=\"400\" class=\"wpcf7-form-control wpcf7-email wpcf7-validates-as-required wpcf7-text wpcf7-validates-as-email\" aria-required=\"true\" aria-invalid=\"false\" value=\"\" type=\"email\" name=\"your-email\" \/><\/span> <\/label>\n<\/p>\n<p><label>Fecha<span class=\"wpcf7-form-control-wrap\" data-name=\"date-513\"><input class=\"wpcf7-form-control wpcf7-date wpcf7-validates-as-date\" aria-invalid=\"false\" value=\"\" type=\"date\" name=\"date-513\" \/><\/span><\/label>\n<\/p>\n<p><label> Descripcion del reclamo y\/o Solicitud del reclamante<br \/>\n<span class=\"wpcf7-form-control-wrap\" data-name=\"your-message\"><textarea cols=\"40\" rows=\"10\" maxlength=\"2000\" class=\"wpcf7-form-control wpcf7-textarea\" aria-invalid=\"false\" name=\"your-message\"><\/textarea><\/span> <\/label><br \/>\n<label>Monto Comprometido <span class=\"wpcf7-form-control-wrap\" data-name=\"text-25-mon\"><input size=\"40\" maxlength=\"400\" class=\"wpcf7-form-control wpcf7-text\" aria-invalid=\"false\" value=\"\" type=\"text\" name=\"text-25-mon\" \/><\/span><\/label>\n<\/p>\n<p><label>Origen del Reclamo<span class=\"wpcf7-form-control-wrap\" data-name=\"menu-732\"><select class=\"wpcf7-form-control wpcf7-select\" aria-invalid=\"false\" name=\"menu-732\"><option value=\"Santa Cruz\">Santa Cruz<\/option><option value=\"Cochabamba\">Cochabamba<\/option><option value=\"La Paz\">La Paz<\/option><option value=\"Sucre\">Sucre<\/option><option value=\"Cochabamba\">Cochabamba<\/option><option value=\"Oruro\">Oruro<\/option><option value=\"Beni\">Beni<\/option><option value=\"pando\">pando<\/option><option value=\"Tarija\">Tarija<\/option><\/select><\/span><\/label>\n<\/p>\n<p>Medio por el cual se require que se comunique el numero de Reclamo<span class=\"wpcf7-form-control-wrap\" data-name=\"radio-532-nc\"><span class=\"wpcf7-form-control wpcf7-radio\"><span class=\"wpcf7-list-item first\"><label><input type=\"radio\" name=\"radio-532-nc\" value=\"Tel\u00e9fono\" checked=\"checked\" \/><span class=\"wpcf7-list-item-label\">Tel\u00e9fono<\/span><\/label><\/span><span class=\"wpcf7-list-item last\"><label><input type=\"radio\" name=\"radio-532-nc\" value=\"Correo\" \/><span class=\"wpcf7-list-item-label\">Correo<\/span><\/label><\/span><\/span><\/span>\n<\/p>\n<p>Medio por el cual se requiere que sea entregada la carta de respuesta\n<\/p>\n<p><span class=\"wpcf7-form-control-wrap\" data-name=\"radio-532-car\"><span class=\"wpcf7-form-control wpcf7-radio\"><span class=\"wpcf7-list-item first\"><label><input type=\"radio\" name=\"radio-532-car\" value=\"Correo Electronico\" checked=\"checked\" \/><span class=\"wpcf7-list-item-label\">Correo Electronico<\/span><\/label><\/span><span class=\"wpcf7-list-item last\"><label><input type=\"radio\" name=\"radio-532-car\" value=\"Apersonamiento en Altraser SA\" \/><span class=\"wpcf7-list-item-label\">Apersonamiento en Altraser SA<\/span><\/label><\/span><\/span><\/span>\n<\/p>\n<p><input class=\"wpcf7-form-control wpcf7-submit has-spinner\" type=\"submit\" value=\"Enviar\" \/>\n<\/p><input type='hidden' class='wpcf7-pum' value='{\"closepopup\":false,\"closedelay\":0,\"openpopup\":false,\"openpopup_id\":0}' \/><div class=\"wpcf7-response-output\" aria-hidden=\"true\"><\/div>\n<\/form>\n<\/div>\n<\/div>\n            <\/div>\t\t\t\t<\/div>\n\t\t\t\t<\/div>\n\t\t\t\t<div class=\"elementor-element elementor-element-5f991df elementor-widget elementor-widget-text-editor\" data-id=\"5f991df\" data-element_type=\"widget\" data-e-type=\"widget\" data-widget_type=\"text-editor.default\">\n\t\t\t\t<div class=\"elementor-widget-container\">\n\t\t\t\t\t\t\t\t\t<h6>\u00abEn el plazo de cinco (5) d\u00edas h\u00e1biles administrativos a partir del d\u00eda de ma\u00f1ana, usted recibir\u00e1 la carta de respuesta a su reclamo a trav\u00e9s del medio que haya requerido o puede apersonarse por la entidad Financiera a recoger su respuesta\u00bb.<\/h6>\t\t\t\t\t\t\t\t<\/div>\n\t\t\t\t<\/div>\n\t\t\t\t\t<\/div>\n\t\t<\/div>\n\t\t\t\t\t<\/div>\n\t\t<\/section>\n\t\t\t\t<\/div>\n\t\t ","protected":false},"excerpt":{"rendered":"<p>Formulario de Reclamo Nombre \/ Razon Social Tipo de ReclamoPersona NaturalPersona JuridicaApoderado Persona Natural N\u00ba Cedula de Identidad Nombre del Representante legal o Apoderado Numero de testimonio Poder Direcci\u00f3n Tel\u00e9fono Correo electr\u00f3nico Fecha Descripcion del reclamo y\/o Solicitud del reclamante Monto Comprometido Origen del ReclamoSanta CruzCochabambaLa PazSucreCochabambaOruroBenipandoTarija Medio por el cual se require que se &hellip;<\/p>\n<p class=\"read-more\"> <a class=\"\" href=\"https:\/\/www.altraser.com.bo\/?page_id=1560\"> <span class=\"screen-reader-text\">Reclamos<\/span> Leer m\u00e1s &raquo;<\/a><\/p>\n","protected":false},"author":1,"featured_media":0,"parent":0,"menu_order":0,"comment_status":"closed","ping_status":"closed","template":"","meta":{"footnotes":""},"class_list":["post-1560","page","type-page","status-publish","hentry"],"_links":{"self":[{"href":"https:\/\/www.altraser.com.bo\/index.php?rest_route=\/wp\/v2\/pages\/1560","targetHints":{"allow":["GET"]}}],"collection":[{"href":"https:\/\/www.altraser.com.bo\/index.php?rest_route=\/wp\/v2\/pages"}],"about":[{"href":"https:\/\/www.altraser.com.bo\/index.php?rest_route=\/wp\/v2\/types\/page"}],"author":[{"embeddable":true,"href":"https:\/\/www.altraser.com.bo\/index.php?rest_route=\/wp\/v2\/users\/1"}],"replies":[{"embeddable":true,"href":"https:\/\/www.altraser.com.bo\/index.php?rest_route=%2Fwp%2Fv2%2Fcomments&post=1560"}],"version-history":[{"count":39,"href":"https:\/\/www.altraser.com.bo\/index.php?rest_route=\/wp\/v2\/pages\/1560\/revisions"}],"predecessor-version":[{"id":2014,"href":"https:\/\/www.altraser.com.bo\/index.php?rest_route=\/wp\/v2\/pages\/1560\/revisions\/2014"}],"wp:attachment":[{"href":"https:\/\/www.altraser.com.bo\/index.php?rest_route=%2Fwp%2Fv2%2Fmedia&parent=1560"}],"curies":[{"name":"wp","href":"https:\/\/api.w.org\/{rel}","templated":true}]}}