{"id":147,"date":"2021-01-17T02:09:28","date_gmt":"2021-01-17T02:09:28","guid":{"rendered":"http:\/\/localhost\/altraser2\/?page_id=147"},"modified":"2025-04-08T15:44:07","modified_gmt":"2025-04-08T19:44:07","slug":"educacion-financiera","status":"publish","type":"page","link":"https:\/\/www.altraser.com.bo\/?page_id=147","title":{"rendered":"Educaci\u00f3n Financiera"},"content":{"rendered":"\t\t<div data-elementor-type=\"wp-page\" data-elementor-id=\"147\" class=\"elementor elementor-147\">\n\t\t\t\t\t\t<section class=\"elementor-section elementor-top-section elementor-element elementor-element-10c449b7 elementor-section-content-middle elementor-section-boxed elementor-section-height-default elementor-section-height-default\" data-id=\"10c449b7\" data-element_type=\"section\" data-e-type=\"section\" data-settings=\"{&quot;background_background&quot;:&quot;classic&quot;}\">\n\t\t\t\t\t\t<div class=\"elementor-container elementor-column-gap-no\">\n\t\t\t\t\t<div class=\"elementor-column elementor-col-100 elementor-top-column elementor-element elementor-element-56a840c1\" data-id=\"56a840c1\" data-element_type=\"column\" data-e-type=\"column\">\n\t\t\t<div class=\"elementor-widget-wrap elementor-element-populated\">\n\t\t\t\t\t\t<div class=\"elementor-element elementor-element-3734f89b elementor-widget elementor-widget-spacer\" data-id=\"3734f89b\" data-element_type=\"widget\" data-e-type=\"widget\" data-widget_type=\"spacer.default\">\n\t\t\t\t<div class=\"elementor-widget-container\">\n\t\t\t\t\t\t\t<div class=\"elementor-spacer\">\n\t\t\t<div class=\"elementor-spacer-inner\"><\/div>\n\t\t<\/div>\n\t\t\t\t\t\t<\/div>\n\t\t\t\t<\/div>\n\t\t\t\t\t<\/div>\n\t\t<\/div>\n\t\t\t\t\t<\/div>\n\t\t<\/section>\n\t\t\t\t<section class=\"elementor-section elementor-top-section elementor-element elementor-element-dad6047 elementor-section-boxed elementor-section-height-default elementor-section-height-default\" data-id=\"dad6047\" data-element_type=\"section\" data-e-type=\"section\">\n\t\t\t\t\t\t<div class=\"elementor-container elementor-column-gap-default\">\n\t\t\t\t\t<div class=\"elementor-column elementor-col-50 elementor-top-column elementor-element elementor-element-d25c37e\" data-id=\"d25c37e\" data-element_type=\"column\" data-e-type=\"column\">\n\t\t\t<div class=\"elementor-widget-wrap elementor-element-populated\">\n\t\t\t\t\t\t<div class=\"elementor-element elementor-element-a354c22 elementor-widget elementor-widget-heading\" data-id=\"a354c22\" data-element_type=\"widget\" data-e-type=\"widget\" data-widget_type=\"heading.default\">\n\t\t\t\t<div class=\"elementor-widget-container\">\n\t\t\t\t\t<h2 class=\"elementor-heading-title elementor-size-default\">Educaci\u00f3n financiera<\/h2>\t\t\t\t<\/div>\n\t\t\t\t<\/div>\n\t\t\t\t<div class=\"elementor-element elementor-element-dffb82a elementor-widget elementor-widget-text-editor\" data-id=\"dffb82a\" data-element_type=\"widget\" data-e-type=\"widget\" data-widget_type=\"text-editor.default\">\n\t\t\t\t<div class=\"elementor-widget-container\">\n\t\t\t\t\t\t\t\t\t<p>El objetivo de esta educaci\u00f3n financiera es la de informar a los consumidores financieros acerca de la manera de utilizar con eficiencia y seguridad este tipo de servicio, asesor\u00e1ndolos en cuanto a los cr\u00e9ditos warrant, dar a conocer esta alternativa de financiamiento, como tambi\u00e9n que conozcan los derechos y obligaciones en al \u00e1mbito financiero.<\/p><p><strong>Rol de ASFI en el Sistema Financiero<br \/><\/strong>Regular, controlar y supervisar los servicios financieros en el marco de la Constituci\u00f3n Pol\u00edtica del Estado, la Ley N\u00b0 393 de Servicios Financieros y los Decretos Supremos reglamentarios, as\u00ed como la actividad del mercado de valores, los intermediarios y sus entidades auxiliares.<\/p><p><strong>Alcance de la Normativa<br \/><\/strong>La\u00a0Ley\u00a0de\u00a0Servicios Financieros\u00a0tiene por objeto regular las actividades de intermediaci\u00f3n\u00a0financiera\u00a0y la prestaci\u00f3n de los\u00a0servicios financieros, as\u00ed como la organizaci\u00f3n y funcionamiento de las entidades\u00a0financieras\u00a0y prestadoras de\u00a0servicios financieros; la protecci\u00f3n del consumidor\u00a0financiero; y la participaci\u00f3n \u00a0de estado como rector del sistema financiero, velando por la universalidad de los servicios financieros y orientando su funcionamiento en apoyo a las pol\u00edticas de desarrollo econ\u00f3mico y social del pa\u00eds.<\/p><p><strong>Los derechos del consumidor financiero son los siguientes:<\/strong><br \/>&#8211; Acceso a los servicios financieros con trato equitativo, sin discriminaci\u00f3n por razones de edad, g\u00e9nero, raza, religi\u00f3n o identidad cultural.<br \/>&#8211; Recibir servicios financieros en condiciones de calidad, cuant\u00eda, oportunidad y disponibilidad adecuadas a sus intereses econ\u00f3micos<br \/>&#8211; Recibir informaci\u00f3n fidedigna, amplia, \u00edntegra, clara, comprensible, oportuna y accesible, sobre las caracter\u00edsticas y condiciones de los productos y servicios financieros que ofrecen.<br \/>&#8211; Recibir buena atenci\u00f3n y trato digno de parte de las entidades de intermediaci\u00f3n financieras, debiendo \u00e9stas actuar en todo momento con la debida diligencia.<br \/>&#8211; Acceso a medios o canales de reclamo eficientes, si los productos y servicios financieros recibidos no se ajustan a lo dispuesto en los numerales precedentes.<br \/>&#8211; La confidencialidad, con las excepciones establecidas por Ley.<br \/>&#8211; Efectuar consultas, peticiones y solicitudes.<br \/>&#8211; Suscribir contratos que contengan cl\u00e1usulas claras, legibles, un\u00edvocas y comprensibles.<br \/>&#8211; Ser informados sobre las entidades que se encuentran autorizadas para la prestaci\u00f3n de servicios financieros.<br \/>&#8211; Recibir informaci\u00f3n sobre el m\u00e9todo aplicado para el c\u00e1lculo de las comisiones por el servicio prestado.<\/p>\t\t\t\t\t\t\t\t<\/div>\n\t\t\t\t<\/div>\n\t\t\t\t<div class=\"elementor-element elementor-element-510de33 elementor-fixed elementor-widget elementor-widget-image\" data-id=\"510de33\" data-element_type=\"widget\" data-e-type=\"widget\" data-settings=\"{&quot;_position&quot;:&quot;fixed&quot;}\" data-widget_type=\"image.default\">\n\t\t\t\t<div class=\"elementor-widget-container\">\n\t\t\t\t\t\t\t\t\t\t\t\t\t\t\t\t<a href=\"\/?page_id=1560\">\n\t\t\t\t\t\t\t<img fetchpriority=\"high\" decoding=\"async\" width=\"1024\" height=\"1024\" src=\"https:\/\/www.altraser.com.bo\/wp-content\/uploads\/2022\/06\/Punto-de-reclamo_-1024x1024.png\" class=\"attachment-large size-large wp-image-1675\" alt=\"\" srcset=\"https:\/\/www.altraser.com.bo\/wp-content\/uploads\/2022\/06\/Punto-de-reclamo_-1024x1024.png 1024w, https:\/\/www.altraser.com.bo\/wp-content\/uploads\/2022\/06\/Punto-de-reclamo_-300x300.png 300w, https:\/\/www.altraser.com.bo\/wp-content\/uploads\/2022\/06\/Punto-de-reclamo_-150x150.png 150w, https:\/\/www.altraser.com.bo\/wp-content\/uploads\/2022\/06\/Punto-de-reclamo_-768x769.png 768w, https:\/\/www.altraser.com.bo\/wp-content\/uploads\/2022\/06\/Punto-de-reclamo_-1534x1536.png 1534w\" sizes=\"(max-width: 1024px) 100vw, 1024px\" \/>\t\t\t\t\t\t\t\t<\/a>\n\t\t\t\t\t\t\t\t\t\t\t\t\t\t\t<\/div>\n\t\t\t\t<\/div>\n\t\t\t\t\t<\/div>\n\t\t<\/div>\n\t\t\t\t<div class=\"elementor-column elementor-col-50 elementor-top-column elementor-element elementor-element-61ccc2d\" data-id=\"61ccc2d\" data-element_type=\"column\" data-e-type=\"column\">\n\t\t\t<div class=\"elementor-widget-wrap elementor-element-populated\">\n\t\t\t\t\t\t<div class=\"elementor-element elementor-element-ffb6d10 elementor-widget elementor-widget-text-editor\" data-id=\"ffb6d10\" data-element_type=\"widget\" data-e-type=\"widget\" data-widget_type=\"text-editor.default\">\n\t\t\t\t<div class=\"elementor-widget-container\">\n\t\t\t\t\t\t\t\t\t<p><strong>Las obligaciones de consumidor financiero son los siguientes:<\/strong><br \/>&#8211; Leer los documentos a ser suscritos con la entidad de intermediaci\u00f3n financiera, sean estos contratos, boletas de dep\u00f3sito o retiro de mercader\u00eda, autorizaciones, solicitudes u otros, as\u00ed como conservar las copias que la entidad suministre de los mismos.<br \/>&#8211; Informarse sobre las caracter\u00edsticas, beneficios, tasa de comisi\u00f3n por servicio, seguro, inherente al producto o servicio que vaya a contratar.<br \/>&#8211; Tomar en cuenta las recomendaciones emitidas por la Autoridad de Supervisi\u00f3n del Sistema Financiero o por la entidad de intermediaci\u00f3n financiera respecto al uso de diferentes productos y servicios.<br \/>&#8211; Al momento de solicitar un producto, servicio o actualizar la informaci\u00f3n el consumidor financiero, debe suministrar informaci\u00f3n cierta, suficiente y oportuna a la Entidad de intermediaci\u00f3n Financiera, referente a sus datos personales, ingresos entre otros.<br \/>&#8211; Cumplir con lo pactado al momento de adquirir un producto, por ejemplo pagar puntualmente las comisiones por servicio.<br \/>&#8211; Conocer ante qui\u00e9n y c\u00f3mo se puede presentar un reclamo, en primera y segunda instancia.<\/p><p><strong>Punto de Reclamo<br \/><\/strong><strong>Por qu\u00e9 se debe reclamar?\u00a0 <br \/><\/strong><span style=\"font-size: 16px;\">\u00a0 &#8211; Mala atenci\u00f3n.<br \/><\/span>\u00a0 &#8211; Demora en el proceso.<br \/><span style=\"font-size: 16px;\">\u00a0 &#8211; Cobros indebidos.<br \/><\/span><span style=\"font-size: 16px;\">\u00a0 &#8211; Falta de informaci\u00f3n.<br \/><\/span><span style=\"font-size: 16px;\">\u00a0 &#8211; Operaciones mal efectuadas.<br \/><\/span><strong>Que se deba hacer?<br \/><\/strong>Se debe acudir en primera instancia al punto de reclamo de entidad y llenar un formulario o en su defecto podr\u00e1 hacerlo mediante la p\u00e1gina web de Altraser en el portal de <strong>Consulta-Reclamo<\/strong>, seleccionando la opci\u00f3n reclamo, en ambos caso se debe presentar la documentaci\u00f3n necesaria de manera f\u00edsica.<br \/>La respuesta al reclamo es de cinco d\u00edas habitualmente, pero puede verse ampliado de acuerdo a la complejidad del caso.<br \/><strong>Como se debe actuar en caso de no estar satisfecho con la respuesta al reclamo?<br \/><\/strong>En \u00a0ASFI est\u00e1 la central de reclamos, en donde solamente se atienden los casos sin soluci\u00f3n en el punto de reclamo de la entidad, pasando as\u00ed a segunda instancia, \u00a0siendo estos los encargados de dar la soluci\u00f3n.<\/p>\t\t\t\t\t\t\t\t<\/div>\n\t\t\t\t<\/div>\n\t\t\t\t<div class=\"elementor-element elementor-element-3dd641c elementor-widget elementor-widget-image\" data-id=\"3dd641c\" data-element_type=\"widget\" data-e-type=\"widget\" data-widget_type=\"image.default\">\n\t\t\t\t<div class=\"elementor-widget-container\">\n\t\t\t\t\t\t\t\t\t\t\t\t\t\t\t\t<a href=\"\/Educacion_Financiera.pdf\">\n\t\t\t\t\t\t\t<img decoding=\"async\" width=\"663\" height=\"242\" src=\"https:\/\/www.altraser.com.bo\/wp-content\/uploads\/2021\/08\/Educacion-Financiera-I-2.jpg\" class=\"attachment-large size-large wp-image-1528\" alt=\"\" srcset=\"https:\/\/www.altraser.com.bo\/wp-content\/uploads\/2021\/08\/Educacion-Financiera-I-2.jpg 663w, https:\/\/www.altraser.com.bo\/wp-content\/uploads\/2021\/08\/Educacion-Financiera-I-2-300x110.jpg 300w\" sizes=\"(max-width: 663px) 100vw, 663px\" \/>\t\t\t\t\t\t\t\t<\/a>\n\t\t\t\t\t\t\t\t\t\t\t\t\t\t\t<\/div>\n\t\t\t\t<\/div>\n\t\t\t\t\t<\/div>\n\t\t<\/div>\n\t\t\t\t\t<\/div>\n\t\t<\/section>\n\t\t\t\t<section class=\"elementor-section elementor-top-section elementor-element elementor-element-19e4036 elementor-section-boxed elementor-section-height-default elementor-section-height-default\" data-id=\"19e4036\" data-element_type=\"section\" data-e-type=\"section\">\n\t\t\t\t\t\t<div class=\"elementor-container elementor-column-gap-default\">\n\t\t\t\t\t<div class=\"elementor-column elementor-col-100 elementor-top-column elementor-element elementor-element-c32afce\" data-id=\"c32afce\" data-element_type=\"column\" data-e-type=\"column\">\n\t\t\t<div class=\"elementor-widget-wrap elementor-element-populated\">\n\t\t\t\t\t\t<div class=\"elementor-element elementor-element-af6aac7 elementor-widget elementor-widget-text-editor\" data-id=\"af6aac7\" data-element_type=\"widget\" data-e-type=\"widget\" data-widget_type=\"text-editor.default\">\n\t\t\t\t<div class=\"elementor-widget-container\">\n\t\t\t\t\t\t\t\t\t<p><strong>Programas de Educaci\u00f3n financiera<\/strong><br \/>Vea nuestros programas de educaci\u00f3n financiera:<\/p><ul><li><a href=\"\/Programa de Educaci\u00f3n Financiera 2020.pdf\">Programa de educaci\u00f3n financiera gesti\u00f3n 2020<\/a><\/li><li><a href=\"\/Programa de Educaci\u00f3n Financiera 2021.pdf\">Programa de educaci\u00f3n financiera gesti\u00f3n 2021<\/a><\/li><li><a href=\"\/Programa de Educaci\u00f3n Financiera 2022.pdf\">Programa de educaci\u00f3n financiera gesti\u00f3n 2022<\/a><\/li><li><a href=\"\/Programa de Educaci\u00f3n Financiera 2023.pdf\">Programa de educaci\u00f3n financiera gesti\u00f3n 2023<\/a><\/li><li><a href=\"\/Programa de Educacion Financiera 2024 con anexos.pdf\">Programa de educaci\u00f3n financiera gesti\u00f3n 2024<\/a><\/li><li><a href=\"\/Programa-de-Educacion-Financiera-2025-con-anexos.pdf\">Programa de educacion financiera gestion 2025<\/a><\/li><\/ul>\t\t\t\t\t\t\t\t<\/div>\n\t\t\t\t<\/div>\n\t\t\t\t\t<\/div>\n\t\t<\/div>\n\t\t\t\t\t<\/div>\n\t\t<\/section>\n\t\t\t\t<\/div>\n\t\t ","protected":false},"excerpt":{"rendered":"<p>Educaci\u00f3n financiera El objetivo de esta educaci\u00f3n financiera es la de informar a los consumidores financieros acerca de la manera de utilizar con eficiencia y seguridad este tipo de servicio, asesor\u00e1ndolos en cuanto a los cr\u00e9ditos warrant, dar a conocer esta alternativa de financiamiento, como tambi\u00e9n que conozcan los derechos y obligaciones en al \u00e1mbito &hellip;<\/p>\n<p class=\"read-more\"> <a class=\"\" href=\"https:\/\/www.altraser.com.bo\/?page_id=147\"> <span class=\"screen-reader-text\">Educaci\u00f3n Financiera<\/span> Leer m\u00e1s &raquo;<\/a><\/p>\n","protected":false},"author":1,"featured_media":0,"parent":0,"menu_order":0,"comment_status":"closed","ping_status":"closed","template":"","meta":{"footnotes":""},"class_list":["post-147","page","type-page","status-publish","hentry"],"_links":{"self":[{"href":"https:\/\/www.altraser.com.bo\/index.php?rest_route=\/wp\/v2\/pages\/147","targetHints":{"allow":["GET"]}}],"collection":[{"href":"https:\/\/www.altraser.com.bo\/index.php?rest_route=\/wp\/v2\/pages"}],"about":[{"href":"https:\/\/www.altraser.com.bo\/index.php?rest_route=\/wp\/v2\/types\/page"}],"author":[{"embeddable":true,"href":"https:\/\/www.altraser.com.bo\/index.php?rest_route=\/wp\/v2\/users\/1"}],"replies":[{"embeddable":true,"href":"https:\/\/www.altraser.com.bo\/index.php?rest_route=%2Fwp%2Fv2%2Fcomments&post=147"}],"version-history":[{"count":129,"href":"https:\/\/www.altraser.com.bo\/index.php?rest_route=\/wp\/v2\/pages\/147\/revisions"}],"predecessor-version":[{"id":2141,"href":"https:\/\/www.altraser.com.bo\/index.php?rest_route=\/wp\/v2\/pages\/147\/revisions\/2141"}],"wp:attachment":[{"href":"https:\/\/www.altraser.com.bo\/index.php?rest_route=%2Fwp%2Fv2%2Fmedia&parent=147"}],"curies":[{"name":"wp","href":"https:\/\/api.w.org\/{rel}","templated":true}]}}