{"id":132,"date":"2021-01-17T01:59:11","date_gmt":"2021-01-17T01:59:11","guid":{"rendered":"http:\/\/localhost\/altraser2\/?page_id=132"},"modified":"2024-08-23T15:55:14","modified_gmt":"2024-08-23T15:55:14","slug":"control-de-prenda","status":"publish","type":"page","link":"https:\/\/www.altraser.com.bo\/?page_id=132","title":{"rendered":"Control de Prenda"},"content":{"rendered":"\t\t<div data-elementor-type=\"wp-page\" data-elementor-id=\"132\" class=\"elementor elementor-132\">\n\t\t\t\t\t\t<section class=\"elementor-section elementor-top-section elementor-element elementor-element-5bf69982 elementor-section-content-middle elementor-section-boxed elementor-section-height-default elementor-section-height-default\" data-id=\"5bf69982\" data-element_type=\"section\" data-e-type=\"section\" data-settings=\"{&quot;background_background&quot;:&quot;classic&quot;}\">\n\t\t\t\t\t\t<div class=\"elementor-container elementor-column-gap-no\">\n\t\t\t\t\t<div class=\"elementor-column elementor-col-100 elementor-top-column elementor-element elementor-element-7318e288\" data-id=\"7318e288\" data-element_type=\"column\" data-e-type=\"column\">\n\t\t\t<div class=\"elementor-widget-wrap elementor-element-populated\">\n\t\t\t\t\t\t<div class=\"elementor-element elementor-element-1b4303f6 elementor-widget elementor-widget-spacer\" data-id=\"1b4303f6\" data-element_type=\"widget\" data-e-type=\"widget\" data-widget_type=\"spacer.default\">\n\t\t\t\t<div class=\"elementor-widget-container\">\n\t\t\t\t\t\t\t<div class=\"elementor-spacer\">\n\t\t\t<div class=\"elementor-spacer-inner\"><\/div>\n\t\t<\/div>\n\t\t\t\t\t\t<\/div>\n\t\t\t\t<\/div>\n\t\t\t\t\t<\/div>\n\t\t<\/div>\n\t\t\t\t\t<\/div>\n\t\t<\/section>\n\t\t\t\t<section class=\"elementor-section elementor-top-section elementor-element elementor-element-ba1497e elementor-section-boxed elementor-section-height-default elementor-section-height-default\" data-id=\"ba1497e\" data-element_type=\"section\" data-e-type=\"section\">\n\t\t\t\t\t\t<div class=\"elementor-container elementor-column-gap-default\">\n\t\t\t\t\t<div class=\"elementor-column elementor-col-100 elementor-top-column elementor-element elementor-element-4bba8e5\" data-id=\"4bba8e5\" data-element_type=\"column\" data-e-type=\"column\">\n\t\t\t<div class=\"elementor-widget-wrap elementor-element-populated\">\n\t\t\t\t\t\t<div class=\"elementor-element elementor-element-a38b4ea elementor-widget elementor-widget-heading\" data-id=\"a38b4ea\" data-element_type=\"widget\" data-e-type=\"widget\" data-widget_type=\"heading.default\">\n\t\t\t\t<div class=\"elementor-widget-container\">\n\t\t\t\t\t<h2 class=\"elementor-heading-title elementor-size-default\">Control de Prenda<\/h2>\t\t\t\t<\/div>\n\t\t\t\t<\/div>\n\t\t\t\t<div class=\"elementor-element elementor-element-a093055 elementor-fixed elementor-widget elementor-widget-image\" data-id=\"a093055\" data-element_type=\"widget\" data-e-type=\"widget\" data-settings=\"{&quot;_position&quot;:&quot;fixed&quot;}\" data-widget_type=\"image.default\">\n\t\t\t\t<div class=\"elementor-widget-container\">\n\t\t\t\t\t\t\t\t\t\t\t\t\t\t\t\t<a href=\"\/?page_id=1560\">\n\t\t\t\t\t\t\t<img fetchpriority=\"high\" decoding=\"async\" width=\"1024\" height=\"1024\" src=\"https:\/\/www.altraser.com.bo\/wp-content\/uploads\/2022\/06\/Punto-de-reclamo_-1024x1024.png\" class=\"attachment-large size-large wp-image-1675\" alt=\"\" srcset=\"https:\/\/www.altraser.com.bo\/wp-content\/uploads\/2022\/06\/Punto-de-reclamo_-1024x1024.png 1024w, https:\/\/www.altraser.com.bo\/wp-content\/uploads\/2022\/06\/Punto-de-reclamo_-300x300.png 300w, https:\/\/www.altraser.com.bo\/wp-content\/uploads\/2022\/06\/Punto-de-reclamo_-150x150.png 150w, https:\/\/www.altraser.com.bo\/wp-content\/uploads\/2022\/06\/Punto-de-reclamo_-768x769.png 768w, https:\/\/www.altraser.com.bo\/wp-content\/uploads\/2022\/06\/Punto-de-reclamo_-1534x1536.png 1534w\" sizes=\"(max-width: 1024px) 100vw, 1024px\" \/>\t\t\t\t\t\t\t\t<\/a>\n\t\t\t\t\t\t\t\t\t\t\t\t\t\t\t<\/div>\n\t\t\t\t<\/div>\n\t\t\t\t<div class=\"elementor-element elementor-element-1fc7e7e elementor-widget elementor-widget-text-editor\" data-id=\"1fc7e7e\" data-element_type=\"widget\" data-e-type=\"widget\" data-widget_type=\"text-editor.default\">\n\t\t\t\t<div class=\"elementor-widget-container\">\n\t\t\t\t\t\t\t\t\t<p><span class=\"cuerpo\">Mediante Circular ASFI\/590\/2018 de fecha 28 de diciembre de 2018, la Autoridad de Supervisi\u00f3n del Sistema Financiero \u2013 ASFI, incorpora el servicio de Control de Prenda como nueva operaci\u00f3n a ser realizada por Almacenes Generales de Dep\u00f3sito o terceros.<\/span><\/p><p>El Control de Prenda de ALTRASER S.A., es un servicio de verificaci\u00f3n detallada sobre la cantidad y estado de bienes en general, as\u00ed como de los constituidos en garant\u00eda prendaria sin desplazamiento, a solicitud de una entidad de intermediaci\u00f3n financiera o de terceros.<\/p>\t\t\t\t\t\t\t\t<\/div>\n\t\t\t\t<\/div>\n\t\t\t\t\t<\/div>\n\t\t<\/div>\n\t\t\t\t\t<\/div>\n\t\t<\/section>\n\t\t\t\t<\/div>\n\t\t ","protected":false},"excerpt":{"rendered":"<p>Control de Prenda Mediante Circular ASFI\/590\/2018 de fecha 28 de diciembre de 2018, la Autoridad de Supervisi\u00f3n del Sistema Financiero \u2013 ASFI, incorpora el servicio de Control de Prenda como nueva operaci\u00f3n a ser realizada por Almacenes Generales de Dep\u00f3sito o terceros. El Control de Prenda de ALTRASER S.A., es un servicio de verificaci\u00f3n detallada &hellip;<\/p>\n<p class=\"read-more\"> <a class=\"\" href=\"https:\/\/www.altraser.com.bo\/?page_id=132\"> <span class=\"screen-reader-text\">Control de Prenda<\/span> Leer m\u00e1s &raquo;<\/a><\/p>\n","protected":false},"author":1,"featured_media":0,"parent":0,"menu_order":0,"comment_status":"closed","ping_status":"closed","template":"","meta":{"footnotes":""},"class_list":["post-132","page","type-page","status-publish","hentry"],"_links":{"self":[{"href":"https:\/\/www.altraser.com.bo\/index.php?rest_route=\/wp\/v2\/pages\/132","targetHints":{"allow":["GET"]}}],"collection":[{"href":"https:\/\/www.altraser.com.bo\/index.php?rest_route=\/wp\/v2\/pages"}],"about":[{"href":"https:\/\/www.altraser.com.bo\/index.php?rest_route=\/wp\/v2\/types\/page"}],"author":[{"embeddable":true,"href":"https:\/\/www.altraser.com.bo\/index.php?rest_route=\/wp\/v2\/users\/1"}],"replies":[{"embeddable":true,"href":"https:\/\/www.altraser.com.bo\/index.php?rest_route=%2Fwp%2Fv2%2Fcomments&post=132"}],"version-history":[{"count":16,"href":"https:\/\/www.altraser.com.bo\/index.php?rest_route=\/wp\/v2\/pages\/132\/revisions"}],"predecessor-version":[{"id":2035,"href":"https:\/\/www.altraser.com.bo\/index.php?rest_route=\/wp\/v2\/pages\/132\/revisions\/2035"}],"wp:attachment":[{"href":"https:\/\/www.altraser.com.bo\/index.php?rest_route=%2Fwp%2Fv2%2Fmedia&parent=132"}],"curies":[{"name":"wp","href":"https:\/\/api.w.org\/{rel}","templated":true}]}}